
{"id":14,"date":"2024-11-02T00:40:44","date_gmt":"2024-11-01T21:40:44","guid":{"rendered":"http:\/\/localhost\/sehmuz\/?page_id=14"},"modified":"2025-02-10T02:08:25","modified_gmt":"2025-02-09T23:08:25","slug":"hakkimda","status":"publish","type":"page","link":"https:\/\/www.atay-lichtermann.de\/tr\/hakkimda","title":{"rendered":"Hakk\u0131mda"},"content":{"rendered":"<h3><!--block--><strong>Hakk\u0131mda<\/strong><\/h3>\n<p><!--block--><strong>Atay-Lichtermann \u00c7eviri B\u00fcrosu Hakk\u0131nda<\/strong><\/p>\n<p><!--block-->Ben S. Hazar Atay-Lichtermann, T\u00fcrk\u00e7e dili i\u00e7in yeminli terc\u00fcman ve Rostock \u00dcniversitesi Hukuk Fak\u00fcltesi&#8217;nden lisans ve y\u00fcksek lisans mezunu bir ekonomi hukuk\u00e7usuyum. Hukuk e\u011fitimim ve y\u0131llard\u0131r hukuk b\u00fcrolar\u0131, \u015firketler ve kurumlarla olan i\u015fbirli\u011fim sayesinde, en y\u00fcksek kalite ve hukuki standartlara uygun profesyonel terc\u00fcme hizmetleri sunuyorum.<\/p>\n<p><!--block--><strong>Niteliklerim:<\/strong><\/p>\n<ul>\n<li><!--block--><strong>T\u00fcrk\u00e7e-Almanca Yeminli Terc\u00fcman:<\/strong> Resmi olarak yeminli terc\u00fcman\u0131m ve \u00e7evirilerim Alman ve T\u00fcrk makamlar\u0131 taraf\u0131ndan kabul edilmektedir.<\/li>\n<li><!--block--><strong>Hukuki Uzmanl\u0131k:<\/strong> Ekonomi hukukundaki arka plan\u0131m sayesinde, hukuki ve resmi belgelerinizin do\u011fru ve hukuka uygun \u015fekilde \u00e7evrilece\u011fini garanti ediyorum.<\/li>\n<li><!--block--><strong>Deneyim ve Hassasiyet:<\/strong> Y\u0131llard\u0131r T\u00fcrkiye ve Almanya&#8217;daki hukuk b\u00fcrolar\u0131, \u015firketler ve bireysel m\u00fc\u015fterilerle i\u015fbirli\u011fi i\u00e7inde, onlar\u0131n terc\u00fcme ihtiya\u00e7lar\u0131n\u0131 ba\u015far\u0131yla kar\u015f\u0131l\u0131yorum.<\/li>\n<\/ul>\n<p><!--block--><strong>Felsefem<\/strong><\/p>\n<p><!--block-->Atay-Lichtermann \u00c7eviri B\u00fcrosu&#8217;nda, her \u00e7evirinin kalitesi ve do\u011frulu\u011fu \u00f6nceli\u011fimizdir. Resmi belgelerinizin gerek kamu kurumlar\u0131, gerekse ticari i\u015flemler veya hukuki s\u00fcre\u00e7ler i\u00e7in ne kadar \u00f6nemli oldu\u011funun fark\u0131nday\u0131m. Bu nedenle, size sadece dilsel olarak do\u011fru de\u011fil, ayn\u0131 zamanda k\u00fclt\u00fcrel ve hukuki olarak da uygun \u00e7\u00f6z\u00fcmler sunuyorum.<\/p>\n<p><!--block--><strong>Gelin, dil engellerinizi birlikte a\u015fal\u0131m.<\/strong><\/p>\n<p>&nbsp;<\/p>\n<p class=\"text-align-center\"><strong>S. Hazar Atay-Lichtermann, L.L.M<br \/>\nMaster of Laws<br \/>\nBeeidigter \u00dcbersetzer<br \/>\nYeminli Terc\u00fcman<\/strong><\/p>\n","protected":false},"excerpt":{"rendered":"<p>Hakk\u0131mda Atay-Lichtermann \u00c7eviri B\u00fcrosu Hakk\u0131nda Ben S. Hazar Atay-Lichtermann, T\u00fcrk\u00e7e dili i\u00e7in yeminli terc\u00fcman ve Rostock \u00dcniversitesi Hukuk Fak\u00fcltesi&#8217;nden lisans ve y\u00fcksek lisans mezunu bir ekonomi hukuk\u00e7usuyum. Hukuk e\u011fitimim ve y\u0131llard\u0131r hukuk b\u00fcrolar\u0131, \u015firketler ve kurumlarla olan i\u015fbirli\u011fim sayesinde, en y\u00fcksek kalite ve hukuki standartlara uygun profesyonel terc\u00fcme hizmetleri sunuyorum. Niteliklerim: T\u00fcrk\u00e7e-Almanca Yeminli Terc\u00fcman: Resmi [&hellip;]<\/p>\n","protected":false},"author":1,"featured_media":15,"parent":0,"menu_order":1,"comment_status":"closed","ping_status":"closed","template":"","meta":{"om_disable_all_campaigns":false,"_monsterinsights_skip_tracking":false,"_monsterinsights_sitenote_active":false,"_monsterinsights_sitenote_note":"","_monsterinsights_sitenote_category":0,"_uf_show_specific_survey":0,"_uf_disable_surveys":false,"footnotes":""},"class_list":["post-14","page","type-page","status-publish","has-post-thumbnail","hentry"],"acf":[],"aioseo_notices":[],"_links":{"self":[{"href":"https:\/\/www.atay-lichtermann.de\/tr\/wp-json\/wp\/v2\/pages\/14"}],"collection":[{"href":"https:\/\/www.atay-lichtermann.de\/tr\/wp-json\/wp\/v2\/pages"}],"about":[{"href":"https:\/\/www.atay-lichtermann.de\/tr\/wp-json\/wp\/v2\/types\/page"}],"author":[{"embeddable":true,"href":"https:\/\/www.atay-lichtermann.de\/tr\/wp-json\/wp\/v2\/users\/1"}],"replies":[{"embeddable":true,"href":"https:\/\/www.atay-lichtermann.de\/tr\/wp-json\/wp\/v2\/comments?post=14"}],"version-history":[{"count":6,"href":"https:\/\/www.atay-lichtermann.de\/tr\/wp-json\/wp\/v2\/pages\/14\/revisions"}],"predecessor-version":[{"id":619,"href":"https:\/\/www.atay-lichtermann.de\/tr\/wp-json\/wp\/v2\/pages\/14\/revisions\/619"}],"wp:featuredmedia":[{"embeddable":true,"href":"https:\/\/www.atay-lichtermann.de\/tr\/wp-json\/wp\/v2\/media\/15"}],"wp:attachment":[{"href":"https:\/\/www.atay-lichtermann.de\/tr\/wp-json\/wp\/v2\/media?parent=14"}],"curies":[{"name":"wp","href":"https:\/\/api.w.org\/{rel}","templated":true}]}}