
{"id":85,"date":"2024-11-04T00:04:36","date_gmt":"2024-11-03T21:04:36","guid":{"rendered":"http:\/\/localhost\/sehmuz\/?page_id=85"},"modified":"2025-01-25T23:35:19","modified_gmt":"2025-01-25T20:35:19","slug":"musteri-yorumlari","status":"publish","type":"page","link":"https:\/\/www.atay-lichtermann.de\/tr\/musteri-yorumlari","title":{"rendered":"M\u00fc\u015fteri Yorumlar\u0131"},"content":{"rendered":"","protected":false},"excerpt":{"rendered":"","protected":false},"author":1,"featured_media":0,"parent":0,"menu_order":0,"comment_status":"closed","ping_status":"closed","template":"pagemusteriyorumlari.php","meta":{"om_disable_all_campaigns":false,"_monsterinsights_skip_tracking":false,"_monsterinsights_sitenote_active":false,"_monsterinsights_sitenote_note":"","_monsterinsights_sitenote_category":0,"_uf_show_specific_survey":0,"_uf_disable_surveys":false,"footnotes":""},"class_list":["post-85","page","type-page","status-publish","hentry"],"acf":[],"aioseo_notices":[],"_links":{"self":[{"href":"https:\/\/www.atay-lichtermann.de\/tr\/wp-json\/wp\/v2\/pages\/85"}],"collection":[{"href":"https:\/\/www.atay-lichtermann.de\/tr\/wp-json\/wp\/v2\/pages"}],"about":[{"href":"https:\/\/www.atay-lichtermann.de\/tr\/wp-json\/wp\/v2\/types\/page"}],"author":[{"embeddable":true,"href":"https:\/\/www.atay-lichtermann.de\/tr\/wp-json\/wp\/v2\/users\/1"}],"replies":[{"embeddable":true,"href":"https:\/\/www.atay-lichtermann.de\/tr\/wp-json\/wp\/v2\/comments?post=85"}],"version-history":[{"count":2,"href":"https:\/\/www.atay-lichtermann.de\/tr\/wp-json\/wp\/v2\/pages\/85\/revisions"}],"predecessor-version":[{"id":131,"href":"https:\/\/www.atay-lichtermann.de\/tr\/wp-json\/wp\/v2\/pages\/85\/revisions\/131"}],"wp:attachment":[{"href":"https:\/\/www.atay-lichtermann.de\/tr\/wp-json\/wp\/v2\/media?parent=85"}],"curies":[{"name":"wp","href":"https:\/\/api.w.org\/{rel}","templated":true}]}}